{"id":21,"date":"2015-02-05T10:21:41","date_gmt":"2015-02-05T10:21:41","guid":{"rendered":"http:\/\/wpcharming.wpengine.com\/construction\/?page_id=21"},"modified":"2024-09-16T11:13:41","modified_gmt":"2024-09-16T11:13:41","slug":"hakkimizda","status":"publish","type":"page","link":"https:\/\/www.berqant.com\/en\/about\/","title":{"rendered":"ABOUT US"},"content":{"rendered":"<div id=\"wpc_69e22686690e5\" class=\"vc_row wpb_row vc_row-fluid\">\n\t\t<div class=\"row_inner_wrapper  clearfix\" style=\"padding-top: 10px;padding-bottom: 10px;\">\n\t\t\t<div class=\"row_inner row_center_content clearfix\"><div class=\"wpb_column vc_column_container vc_col-sm-12\"><div class=\"vc_column-inner\"><div class=\"wpb_wrapper\">\n\t<div class=\"custom-heading wpb_content_element  heading-medium\">\n\t\t<h2 class=\"heading-title\" >ABOUT US<\/h2>\n\t\t<span class=\"heading-line primary\"><\/span>\n\t<\/div>\n\t<div class=\"wpb_text_column wpb_content_element\" >\n\t\t<div class=\"wpb_wrapper\">\n\t\t\t<p class=\" translation-block\">BERQANT CONSULTING is a consulting firm that offers professional support to international and domestic companies, industrial associations, and other NGOs for their needs regarding trade policy, strategy, management, market analysis, business development and government relations.\n<br>\nBERQANT CONSULTING specializes in Anti-Dumping, Anti-Subsidy and Safeguard Investigations, market analysis, investment consulting, B2B trade disputes and government relations. Empowered by its team of elite consultants, vast experience and insights in various industries, advanced research and analysis techniques, BERQANT CONSULTING offers effective and creative solutions that are tailored for each client.<\/p>\n<p class=\" translation-block\">Our main office is located in the capital, the executive, legislative judicial heart of the country. Turning this to advantage, we provide our clients continuous support in managing their government relations through a target-oriented and systematic approach. We work together with veterans who have decades of experience both in public and private sectors. Unlike other consulting companies that lay out their suggestions and bid farewell, we support our clients until the very end, until the target is achieved.<br>\nAs an independent consulting company with no economic, political or financial affiliations, we are focused solely on providing the most objective, effective, creative and result-oriented consulting services.<br>\n\nWe design each consulting process in a way to reflect the needs of the client. We have only one agenda and that is the agenda of our clients.<\/p>\n<p>Our focus:<br \/>\n\u2022\tAnti-Dumping, Anti-Subsidy and Safeguard Investigations<br \/>\n\u2022\tContributing to trade policy<br \/>\n\u2022\tMarket analysis<br \/>\n\u2022\tBusiness and investment consulting<br \/>\n\u2022\tGovernment relations<br \/>\n\u2022\tTrade disputes between companies<\/p>\n<p><span style=\"background-color: #000; padding: 10px 20px;\"> <a style=\"color: white;\" href=\"https:\/\/www.berqant.com\/en\/principles\/\"><b>PRINCIPLES<b><\/b><\/b><\/a><\/span> <span style=\"background-color: #000; padding: 10px 20px;\"> <a style=\"color: white;\" href=\"https:\/\/www.berqant.com\/en\/values\/\"><b>VALUES<b><\/b><\/b><\/a><\/span> <span style=\"background-color: #000; padding: 10px 20px;\"> <a style=\"color: white;\" href=\"https:\/\/www.berqant.com\/en\/deir-approach\/\"><b>DEIR\u00ae APPROACH<b><\/b><\/b><\/a><\/span><\/p>\n\n\t\t<\/div>\n\t<\/div>\n<\/div><\/div><\/div>\n\t\t\t<\/div>\n\t\t<\/div>\n<\/div>","protected":false},"excerpt":{"rendered":"Hakk\u0131m\u0131zda BERQANT DANI\u015eMANLIK, uluslararas\u0131 ve yerel \u015firketlere, derneklere ve di\u011fer sivil toplum kurulu\u015flar\u0131na ticaret politikas\u0131, strateji, y\u00f6netim, kamu ili\u015fkileri ve i\u015f ...","protected":false},"author":1,"featured_media":0,"parent":0,"menu_order":0,"comment_status":"open","ping_status":"closed","template":"","meta":{"pagelayer_contact_templates":[],"_pagelayer_content":"","footnotes":""},"class_list":["post-21","page","type-page","status-publish","hentry"],"_links":{"self":[{"href":"https:\/\/www.berqant.com\/en\/wp-json\/wp\/v2\/pages\/21"}],"collection":[{"href":"https:\/\/www.berqant.com\/en\/wp-json\/wp\/v2\/pages"}],"about":[{"href":"https:\/\/www.berqant.com\/en\/wp-json\/wp\/v2\/types\/page"}],"author":[{"embeddable":true,"href":"https:\/\/www.berqant.com\/en\/wp-json\/wp\/v2\/users\/1"}],"replies":[{"embeddable":true,"href":"https:\/\/www.berqant.com\/en\/wp-json\/wp\/v2\/comments?post=21"}],"version-history":[{"count":19,"href":"https:\/\/www.berqant.com\/en\/wp-json\/wp\/v2\/pages\/21\/revisions"}],"predecessor-version":[{"id":1418,"href":"https:\/\/www.berqant.com\/en\/wp-json\/wp\/v2\/pages\/21\/revisions\/1418"}],"wp:attachment":[{"href":"https:\/\/www.berqant.com\/en\/wp-json\/wp\/v2\/media?parent=21"}],"curies":[{"name":"wp","href":"https:\/\/api.w.org\/{rel}","templated":true}]}}