{"id":203,"date":"2015-02-07T13:13:13","date_gmt":"2015-02-07T13:13:13","guid":{"rendered":"http:\/\/wpcharming.wpengine.com\/construction\/?page_id=203"},"modified":"2024-10-01T14:32:37","modified_gmt":"2024-10-01T14:32:37","slug":"tpsa","status":"publish","type":"page","link":"https:\/\/www.berqant.com\/en\/services\/tdi\/","title":{"rendered":"ANTI-DUMPING, ANTI-SUBSIDY, SAFEGUARD INVESTIGATIONS"},"content":{"rendered":"<div id=\"wpc_69e226bbb4e58\" class=\"vc_row wpb_row vc_row-fluid\">\n\t\t<div class=\"row_inner_wrapper  clearfix\">\n\t\t\t<div class=\"row_inner row_center_content clearfix\"><div class=\"wpb_column vc_column_container vc_col-sm-12\"><div class=\"vc_column-inner\"><div class=\"wpb_wrapper\">\n\t<div class=\"wpb_text_column wpb_content_element\" >\n\t\t<div class=\"wpb_wrapper\">\n\t\t\t<p>The World Trade Organization (WTO) rules, allow member countries to utilize a number of Trade Defense Instruments (TDIs) such as anti-dumping measures, anti-subsidy measures, safeguarding and surveillance measures in order to defend themselves against unfair trade practices. An increasing number of countries are actively using anti-dumping and anti-subsidy measures to protect their domestic industries from unfair trade practices.<\/p>\n<p>Since these practices can have a significant impact on company operations, market entry and profitability, companies doing business globally must be familiar with international trade legislation and trade defense instruments.<\/p>\n<p>Thanks to our seasoned consultants with over two decades of experience in trade remedies cases, we are able to offer efficient support to exporters and manufacturers who are exposed to anti-dumping, anti-subsidy and safeguard investigations and help them evade such measures with minimal or zero duty.<\/p>\n<p>In the Turkish market, we help domestic producers whose business is hurt (or whose interests are at risk) due to dumped or subsidized imports, submit applications with right arguments and evidences so that the anti-dumping, anti-subsidy, safeguarding and surveillance measures can be applied.<\/p>\n<p><strong>Types of TDI investigations<\/strong><\/p>\n\n\t\t<\/div>\n\t<\/div>\n<\/div><\/div><\/div>\n\t\t\t<\/div>\n\t\t<\/div>\n<\/div>\n<div id=\"wpc_69e226bbb754e\" class=\"vc_row wpb_row vc_row-fluid  mobile-no-margin-top inverted-row\">\n\t\t<div class=\"row_inner_wrapper  clearfix\" style=\"padding-bottom: 50px;\">\n\t\t\t<div class=\"row_inner container clearfix\">\n\t\t\t\t<div class=\"row_full_center_content clearfix\"><div class=\"wpb_column vc_column_container vc_col-sm-4\"><div class=\"vc_column-inner\"><div class=\"wpb_wrapper\">\n\t<div class=\"wpb_content_element featured-box\" >\n\t\t\t<div class=\"featured-box-thumb\"><a title=\"Anti-dumping investigations\" target=\"\" href=\"https:\/\/www.berqant.com\/en\/services\/tdi\/anti-dumping\/\"><img decoding=\"async\" src=\"https:\/\/www.berqant.com\/wp-content\/uploads\/2022\/12\/Anti-Damping-Sorusturmalari-1-600x300.jpg\"><\/a>\n\t\t\t<\/div>\n\t\t\t<div class=\"featured-box-content\"><h4>Anti-dumping investigations<\/h4>\n\t\t\t\t\t<div class=\"featured-box-desc\"><p>Dumping occurs when a manufacturer exports its goods at a price lower than the sales price in its domestic market.<\/p>\n\t\t\t\t\t<\/div>\n\t\t\t\t\t<div class=\"featured-box-button\">\n\t\t\t\t\t\t<a title=\"Anti-dumping investigations\" target=\"\" href=\"https:\/\/www.berqant.com\/en\/services\/tdi\/anti-dumping\/\" class=\"\">READ MORE<\/a>\n\t\t\t\t\t<\/div>\n\t\t\t<\/div>\n\t<\/div><\/div><\/div><\/div><div class=\"wpb_column vc_column_container vc_col-sm-4\"><div class=\"vc_column-inner\"><div class=\"wpb_wrapper\">\n\t<div class=\"wpb_content_element featured-box\" >\n\t\t\t<div class=\"featured-box-thumb\"><a title=\"Anti-subsidy Investigations\" target=\"\" href=\"https:\/\/www.berqant.com\/en\/services\/tdi\/safeguard-investigations\/\"><img decoding=\"async\" src=\"https:\/\/www.berqant.com\/wp-content\/uploads\/2022\/12\/Subvansiyon-Sorusturmalari-600x300.jpg\"><\/a>\n\t\t\t<\/div>\n\t\t\t<div class=\"featured-box-content\"><h4>Anti-subsidy Investigations<\/h4>\n\t\t\t\t\t<div class=\"featured-box-desc\"><p>Subsidies by governments or public bodies given to a specific industry which end up in lower export prices might attract anti-subsidy investigations.<\/p>\n\t\t\t\t\t<\/div>\n\t\t\t\t\t<div class=\"featured-box-button\">\n\t\t\t\t\t\t<a title=\"Anti-subsidy Investigations\" target=\"\" href=\"https:\/\/www.berqant.com\/en\/services\/tdi\/safeguard-investigations\/\" class=\"\">READ MORE<\/a>\n\t\t\t\t\t<\/div>\n\t\t\t<\/div>\n\t<\/div><\/div><\/div><\/div><div class=\"wpb_column vc_column_container vc_col-sm-4\"><div class=\"vc_column-inner\"><div class=\"wpb_wrapper\">\n\t<div class=\"wpb_content_element featured-box\" >\n\t\t\t<div class=\"featured-box-thumb\"><a title=\"Safeguard Investigations\" target=\"\" href=\"https:\/\/www.berqant.com\/en\/services\/tdi\/circumvention-investigations\/\"><img decoding=\"async\" src=\"https:\/\/www.berqant.com\/wp-content\/uploads\/2022\/12\/Korunma-Onlemi-Sorusturmalari-600x300.jpg\"><\/a>\n\t\t\t<\/div>\n\t\t\t<div class=\"featured-box-content\"><h4>Safeguard Investigations<\/h4>\n\t\t\t\t\t<div class=\"featured-box-desc\"><p>A sharp unforeseen increase in the volume of imports of a specific product may trigger a safeguard investigation which targets imports from all countries.<\/p>\n\t\t\t\t\t<\/div>\n\t\t\t\t\t<div class=\"featured-box-button\">\n\t\t\t\t\t\t<a title=\"Safeguard Investigations\" target=\"\" href=\"https:\/\/www.berqant.com\/en\/services\/tdi\/circumvention-investigations\/\" class=\"\">READ MORE<\/a>\n\t\t\t\t\t<\/div>\n\t\t\t<\/div>\n\t<\/div><\/div><\/div><\/div>\n\t\t\t\t<\/div>\n\t\t\t<\/div>\n\t\t<\/div>\n<\/div>\n<div id=\"wpc_69e226bbc8213\" class=\"vc_row wpb_row vc_row-fluid  mobile-no-margin-top inverted-row\">\n\t\t<div class=\"row_inner_wrapper  clearfix\" style=\"padding-bottom: 50px;\">\n\t\t\t<div class=\"row_inner container clearfix\">\n\t\t\t\t<div class=\"row_full_center_content clearfix\"><div class=\"wpb_column vc_column_container vc_col-sm-4\"><div class=\"vc_column-inner\"><div class=\"wpb_wrapper\">\n\t<div class=\"wpb_content_element featured-box\" >\n\t\t\t<div class=\"featured-box-thumb\"><a title=\"\u00d6nlemlerin Etkisiz K\u0131l\u0131nmas\u0131 Soru\u015fturmalar\u0131 (Anti-Circumvention Investigations)\" target=\"\" href=\"https:\/\/www.berqant.com\/en\/services\/tdi\/anti-subsidy-investigation\/\"><img decoding=\"async\" src=\"https:\/\/www.berqant.com\/wp-content\/uploads\/2022\/12\/Onlemlerin-Etkisiz-Kilinmasi-Sorusturmalari-600x300.jpg\"><\/a>\n\t\t\t<\/div>\n\t\t\t<div class=\"featured-box-content\"><h4>Anti-Circumvention Investigations<\/h4>\n\t\t\t\t\t<div class=\"featured-box-desc\"><p>Actions which aim to partially or completely bypass a TDI measure in implementation can be subject to anti-circumvention investigation.<\/p>\n\t\t\t\t\t<\/div>\n\t\t\t\t\t<div class=\"featured-box-button\">\n\t\t\t\t\t\t<a title=\"\u00d6nlemlerin Etkisiz K\u0131l\u0131nmas\u0131 Soru\u015fturmalar\u0131 (Anti-Circumvention Investigations)\" target=\"\" href=\"https:\/\/www.berqant.com\/en\/services\/tdi\/anti-subsidy-investigation\/\" class=\"\">READ MORE<\/a>\n\t\t\t\t\t<\/div>\n\t\t\t<\/div>\n\t<\/div><\/div><\/div><\/div><div class=\"wpb_column vc_column_container vc_col-sm-4\"><div class=\"vc_column-inner\"><div class=\"wpb_wrapper\">\n\t<div class=\"wpb_content_element featured-box\" >\n\t\t\t<div class=\"featured-box-thumb\"><a title=\"Market Analysis for the Turkish Market\" target=\"\" href=\"https:\/\/www.berqant.com\/en\/services\/tdi\/against-turkey\/\"><img decoding=\"async\" src=\"https:\/\/www.berqant.com\/wp-content\/uploads\/2022\/12\/Turk-Firmalarina-Karsi-Uygulanan-Onlemler-600x300.jpg\"><\/a>\n\t\t\t<\/div>\n\t\t\t<div class=\"featured-box-content\"><h4>Measures Applied Against Turkish Companies<\/h4>\n\t\t\t\t\t<div class=\"featured-box-desc\"><p>Recently Turkish exports have been targeted by growing number of Trade Defense Instrument each year.<\/p>\n\t\t\t\t\t<\/div>\n\t\t\t\t\t<div class=\"featured-box-button\">\n\t\t\t\t\t\t<a title=\"Market Analysis for the Turkish Market\" target=\"\" href=\"https:\/\/www.berqant.com\/en\/services\/tdi\/against-turkey\/\" class=\"\">READ MORE<\/a>\n\t\t\t\t\t<\/div>\n\t\t\t<\/div>\n\t<\/div><\/div><\/div><\/div>\n\t\t\t\t<\/div>\n\t\t\t<\/div>\n\t\t<\/div>\n<\/div>","protected":false},"excerpt":{"rendered":"<p>Construction consultants provide expert proactive and forensic support for construction projects and construction claims.<\/p>","protected":false},"author":1,"featured_media":983,"parent":17,"menu_order":0,"comment_status":"open","ping_status":"closed","template":"","meta":{"pagelayer_contact_templates":[],"_pagelayer_content":"","footnotes":""},"class_list":["post-203","page","type-page","status-publish","has-post-thumbnail","hentry"],"_links":{"self":[{"href":"https:\/\/www.berqant.com\/en\/wp-json\/wp\/v2\/pages\/203"}],"collection":[{"href":"https:\/\/www.berqant.com\/en\/wp-json\/wp\/v2\/pages"}],"about":[{"href":"https:\/\/www.berqant.com\/en\/wp-json\/wp\/v2\/types\/page"}],"author":[{"embeddable":true,"href":"https:\/\/www.berqant.com\/en\/wp-json\/wp\/v2\/users\/1"}],"replies":[{"embeddable":true,"href":"https:\/\/www.berqant.com\/en\/wp-json\/wp\/v2\/comments?post=203"}],"version-history":[{"count":20,"href":"https:\/\/www.berqant.com\/en\/wp-json\/wp\/v2\/pages\/203\/revisions"}],"predecessor-version":[{"id":1479,"href":"https:\/\/www.berqant.com\/en\/wp-json\/wp\/v2\/pages\/203\/revisions\/1479"}],"up":[{"embeddable":true,"href":"https:\/\/www.berqant.com\/en\/wp-json\/wp\/v2\/pages\/17"}],"wp:featuredmedia":[{"embeddable":true,"href":"https:\/\/www.berqant.com\/en\/wp-json\/wp\/v2\/media\/983"}],"wp:attachment":[{"href":"https:\/\/www.berqant.com\/en\/wp-json\/wp\/v2\/media?parent=203"}],"curies":[{"name":"wp","href":"https:\/\/api.w.org\/{rel}","templated":true}]}}