{"id":17,"date":"2015-02-05T10:21:11","date_gmt":"2015-02-05T10:21:11","guid":{"rendered":"http:\/\/wpcharming.wpengine.com\/construction\/?page_id=17"},"modified":"2024-09-24T12:47:23","modified_gmt":"2024-09-24T12:47:23","slug":"hizmetlerimiz","status":"publish","type":"page","link":"https:\/\/www.berqant.com\/en\/services\/","title":{"rendered":"Our Services"},"content":{"rendered":"<div data-elementor-type=\"wp-page\" data-elementor-id=\"17\" class=\"elementor elementor-17\" data-elementor-post-type=\"page\">\n\t\t\t\t\t\t<section class=\"elementor-section elementor-top-section elementor-element elementor-element-9bf5da5 elementor-section-boxed elementor-section-height-default elementor-section-height-default elementor-invisible\" data-id=\"9bf5da5\" data-element_type=\"section\" data-settings=\"{&quot;animation&quot;:&quot;fadeInLeft&quot;}\">\n\t\t\t\t\t\t<div class=\"elementor-container elementor-column-gap-default\">\n\t\t\t\t\t<div class=\"elementor-column elementor-col-100 elementor-top-column elementor-element elementor-element-7928be5\" data-id=\"7928be5\" data-element_type=\"column\">\n\t\t\t<div class=\"elementor-widget-wrap elementor-element-populated\">\n\t\t\t\t\t\t<section class=\"elementor-section elementor-inner-section elementor-element elementor-element-915e1dd elementor-section-full_width elementor-section-height-default elementor-section-height-default\" data-id=\"915e1dd\" data-element_type=\"section\">\n\t\t\t\t\t\t<div class=\"elementor-container elementor-column-gap-no\">\n\t\t\t\t\t<div class=\"elementor-column elementor-col-33 elementor-inner-column elementor-element elementor-element-ef86421\" data-id=\"ef86421\" data-element_type=\"column\">\n\t\t\t<div class=\"elementor-widget-wrap elementor-element-populated\">\n\t\t\t\t\t\t<div class=\"elementor-element elementor-element-f89c530 ekit-equal-height-disable elementor-widget elementor-widget-elementskit-image-box\" data-id=\"f89c530\" data-element_type=\"widget\" data-widget_type=\"elementskit-image-box.default\">\n\t\t\t\t<div class=\"elementor-widget-container\">\n\t\t\t<div class=\"ekit-wid-con\" >\n            <div class=\"elementskit-info-image-box ekit-image-box text-left simple-card\" >\n\n                <a href=\"https:\/\/www.berqant.com\/en\/services\/tdi\/\">\n                <div class=\"elementskit-box-header image-box-img-left\">\n\n                    <img fetchpriority=\"high\" decoding=\"async\" width=\"1920\" height=\"1080\" src=\"https:\/\/www.berqant.com\/wp-content\/uploads\/2022\/12\/Anti-Damping-Sorusturmalari.jpg\" class=\"attachment-full size-full wp-image-1201\" alt=\"\" srcset=\"https:\/\/www.berqant.com\/wp-content\/uploads\/2022\/12\/Anti-Damping-Sorusturmalari.jpg 1920w, https:\/\/www.berqant.com\/wp-content\/uploads\/2022\/12\/Anti-Damping-Sorusturmalari-300x169.jpg 300w, https:\/\/www.berqant.com\/wp-content\/uploads\/2022\/12\/Anti-Damping-Sorusturmalari-1024x576.jpg 1024w, https:\/\/www.berqant.com\/wp-content\/uploads\/2022\/12\/Anti-Damping-Sorusturmalari-768x432.jpg 768w, https:\/\/www.berqant.com\/wp-content\/uploads\/2022\/12\/Anti-Damping-Sorusturmalari-1536x864.jpg 1536w\" sizes=\"(max-width: 1920px) 100vw, 1920px\" \/>\n                <\/div>\n                <\/a>\n                <div class=\"elementskit-box-body ekit-image-box-body\">\n                    <div class=\"elementskit-box-content ekit-image-box-body-inner\">\n                                                <h3 class=\"elementskit-info-box-title\">\n\n                        ANTI-DUMPING, ANTI-SUBSIDY, SAFEGUARD INVESTIGATIONS\n                        \n                    <\/h3>\n                                                            <div class=\"elementskit-box-style-content\">\n                        An increasing number of countries are actively using anti-dumping and anti-subsidy measures to protect their domestic industries from unfair trade practices. Thanks to our seasoned consultants with over two decades of experience in trade remedies cases, we are able to offer efficient support to exporters and manufacturers who are exposed to anti-dumping, anti-subsidy and safeguard investigations and help them evade such measures with minimal or zero duty                      <\/div>\n                                    <\/div>\n\n                                <div class=\"elementskit-box-footer\">\n                    <div class=\"box-footer\">\n                        <div class=\"btn-wraper\">\n                                                            <a href=\"https:\/\/www.berqant.com\/en\/services\/tdi\/\" class=\"elementskit-btn whitespace--normal\">\n                                    \n                                    \n                                    Read More                                <\/a>\n                                                        <\/div>\n                    <\/div>\n                <\/div>\n                            <\/div>\n            <\/div>\n    <\/div>\t\t<\/div>\n\t\t\t\t<\/div>\n\t\t\t\t\t<\/div>\n\t\t<\/div>\n\t\t\t\t<div class=\"elementor-column elementor-col-33 elementor-inner-column elementor-element elementor-element-e4d643e\" data-id=\"e4d643e\" data-element_type=\"column\">\n\t\t\t<div class=\"elementor-widget-wrap elementor-element-populated\">\n\t\t\t\t\t\t<div class=\"elementor-element elementor-element-d056819 ekit-equal-height-disable elementor-widget elementor-widget-elementskit-image-box\" data-id=\"d056819\" data-element_type=\"widget\" data-widget_type=\"elementskit-image-box.default\">\n\t\t\t\t<div class=\"elementor-widget-container\">\n\t\t\t<div class=\"ekit-wid-con\" >\n            <div class=\"elementskit-info-image-box ekit-image-box text-left simple-card\" >\n\n                <a href=\"https:\/\/www.berqant.com\/en\/services\/involvement-in-trade-policy\/\">\n                <div class=\"elementskit-box-header image-box-img-left\">\n\n                    <img decoding=\"async\" width=\"1920\" height=\"1080\" src=\"https:\/\/www.berqant.com\/wp-content\/uploads\/2022\/12\/Ticaret-Politikasi-Olusumuna-Aktif-Katki.jpg\" class=\"attachment-full size-full wp-image-1202\" alt=\"\" srcset=\"https:\/\/www.berqant.com\/wp-content\/uploads\/2022\/12\/Ticaret-Politikasi-Olusumuna-Aktif-Katki.jpg 1920w, https:\/\/www.berqant.com\/wp-content\/uploads\/2022\/12\/Ticaret-Politikasi-Olusumuna-Aktif-Katki-300x169.jpg 300w, https:\/\/www.berqant.com\/wp-content\/uploads\/2022\/12\/Ticaret-Politikasi-Olusumuna-Aktif-Katki-1024x576.jpg 1024w, https:\/\/www.berqant.com\/wp-content\/uploads\/2022\/12\/Ticaret-Politikasi-Olusumuna-Aktif-Katki-768x432.jpg 768w, https:\/\/www.berqant.com\/wp-content\/uploads\/2022\/12\/Ticaret-Politikasi-Olusumuna-Aktif-Katki-1536x864.jpg 1536w\" sizes=\"(max-width: 1920px) 100vw, 1920px\" \/>\n                <\/div>\n                <\/a>\n                <div class=\"elementskit-box-body ekit-image-box-body\">\n                    <div class=\"elementskit-box-content ekit-image-box-body-inner\">\n                                                <h3 class=\"elementskit-info-box-title\">\n\n                        ACTIVE CONTRIBUTION TO TRADE POLICY\n                        \n                    <\/h3>\n                                                            <div class=\"elementskit-box-style-content\">\n                        By closely following and contributing to the formation of the government\u2019s trade policy you can boost and protect the competitiveness of your products both in domestic and international markets. Negotiations of Free Trade Agreements, Geographical Indications, Preferential Trade Agreements, Additional Customs Duties are just a few areas where you can have a say and where our consulting services could help your company\/industry achieve its goals.                      <\/div>\n                                    <\/div>\n\n                                <div class=\"elementskit-box-footer\">\n                    <div class=\"box-footer\">\n                        <div class=\"btn-wraper\">\n                                                            <a href=\"https:\/\/www.berqant.com\/en\/services\/involvement-in-trade-policy\/\" class=\"elementskit-btn whitespace--normal\">\n                                    \n                                    \n                                    Read More                                <\/a>\n                                                        <\/div>\n                    <\/div>\n                <\/div>\n                            <\/div>\n            <\/div>\n    <\/div>\t\t<\/div>\n\t\t\t\t<\/div>\n\t\t\t\t\t<\/div>\n\t\t<\/div>\n\t\t\t\t<div class=\"elementor-column elementor-col-33 elementor-inner-column elementor-element elementor-element-44a54ce\" data-id=\"44a54ce\" data-element_type=\"column\">\n\t\t\t<div class=\"elementor-widget-wrap elementor-element-populated\">\n\t\t\t\t\t\t<div class=\"elementor-element elementor-element-03e2e12 ekit-equal-height-disable elementor-widget elementor-widget-elementskit-image-box\" data-id=\"03e2e12\" data-element_type=\"widget\" data-widget_type=\"elementskit-image-box.default\">\n\t\t\t\t<div class=\"elementor-widget-container\">\n\t\t\t<div class=\"ekit-wid-con\" >\n            <div class=\"elementskit-info-image-box ekit-image-box text-left simple-card\" >\n\n                <a href=\"https:\/\/www.berqant.com\/en\/services\/market-analysis\/\">\n                <div class=\"elementskit-box-header image-box-img-left\">\n\n                    <img decoding=\"async\" width=\"1920\" height=\"1080\" src=\"https:\/\/www.berqant.com\/wp-content\/uploads\/2022\/12\/pazar-analizi.jpg\" class=\"attachment-full size-full wp-image-1203\" alt=\"\" srcset=\"https:\/\/www.berqant.com\/wp-content\/uploads\/2022\/12\/pazar-analizi.jpg 1920w, https:\/\/www.berqant.com\/wp-content\/uploads\/2022\/12\/pazar-analizi-300x169.jpg 300w, https:\/\/www.berqant.com\/wp-content\/uploads\/2022\/12\/pazar-analizi-1024x576.jpg 1024w, https:\/\/www.berqant.com\/wp-content\/uploads\/2022\/12\/pazar-analizi-768x432.jpg 768w, https:\/\/www.berqant.com\/wp-content\/uploads\/2022\/12\/pazar-analizi-1536x864.jpg 1536w\" sizes=\"(max-width: 1920px) 100vw, 1920px\" \/>\n                <\/div>\n                <\/a>\n                <div class=\"elementskit-box-body ekit-image-box-body\">\n                    <div class=\"elementskit-box-content ekit-image-box-body-inner\">\n                                                <h3 class=\"elementskit-info-box-title\">\n\n                        MARKET ANALYSIS \n                        \n                    <\/h3>\n                                                            <div class=\"elementskit-box-style-content\">\n                        We help domestic companies which aim export markets and help them choose the right strategies for their target country\/area.  Also, we do the same for international companies that seek to enter the Turkish market. We clearly demonstrate to our clients the total size of the target market, the positioning of the competitors in the market, market players that could be potential partner as well as regulations that might affect the clients operations and profitability in the market.                    <\/div>\n                                    <\/div>\n\n                                <div class=\"elementskit-box-footer\">\n                    <div class=\"box-footer\">\n                        <div class=\"btn-wraper\">\n                                                            <a href=\"https:\/\/www.berqant.com\/en\/services\/market-analysis\/\" class=\"elementskit-btn whitespace--normal\">\n                                    \n                                    \n                                    Read More                                <\/a>\n                                                        <\/div>\n                    <\/div>\n                <\/div>\n                            <\/div>\n            <\/div>\n    <\/div>\t\t<\/div>\n\t\t\t\t<\/div>\n\t\t\t\t\t<\/div>\n\t\t<\/div>\n\t\t\t\t\t<\/div>\n\t\t<\/section>\n\t\t\t\t<section class=\"elementor-section elementor-inner-section elementor-element elementor-element-a3577bc elementor-section-full_width elementor-section-height-default elementor-section-height-default\" data-id=\"a3577bc\" data-element_type=\"section\">\n\t\t\t\t\t\t<div class=\"elementor-container elementor-column-gap-no\">\n\t\t\t\t\t<div class=\"elementor-column elementor-col-33 elementor-inner-column elementor-element elementor-element-1dbe937\" data-id=\"1dbe937\" data-element_type=\"column\">\n\t\t\t<div class=\"elementor-widget-wrap elementor-element-populated\">\n\t\t\t\t\t\t<div class=\"elementor-element elementor-element-7c43b98 ekit-equal-height-disable elementor-widget elementor-widget-elementskit-image-box\" data-id=\"7c43b98\" data-element_type=\"widget\" data-widget_type=\"elementskit-image-box.default\">\n\t\t\t\t<div class=\"elementor-widget-container\">\n\t\t\t<div class=\"ekit-wid-con\" >\n            <div class=\"elementskit-info-image-box ekit-image-box text-left simple-card\" >\n\n                <a href=\"https:\/\/www.berqant.com\/en\/services\/business-investment-consulting\/\">\n                <div class=\"elementskit-box-header image-box-img-left\">\n\n                    <img loading=\"lazy\" decoding=\"async\" width=\"1920\" height=\"1080\" src=\"https:\/\/www.berqant.com\/wp-content\/uploads\/2022\/12\/is-ve-yatirim-danismanligi-1.jpg\" class=\"attachment-full size-full wp-image-1205\" alt=\"\" srcset=\"https:\/\/www.berqant.com\/wp-content\/uploads\/2022\/12\/is-ve-yatirim-danismanligi-1.jpg 1920w, https:\/\/www.berqant.com\/wp-content\/uploads\/2022\/12\/is-ve-yatirim-danismanligi-1-300x169.jpg 300w, https:\/\/www.berqant.com\/wp-content\/uploads\/2022\/12\/is-ve-yatirim-danismanligi-1-1024x576.jpg 1024w, https:\/\/www.berqant.com\/wp-content\/uploads\/2022\/12\/is-ve-yatirim-danismanligi-1-768x432.jpg 768w, https:\/\/www.berqant.com\/wp-content\/uploads\/2022\/12\/is-ve-yatirim-danismanligi-1-1536x864.jpg 1536w\" sizes=\"(max-width: 1920px) 100vw, 1920px\" \/>\n                <\/div>\n                <\/a>\n                <div class=\"elementskit-box-body ekit-image-box-body\">\n                    <div class=\"elementskit-box-content ekit-image-box-body-inner\">\n                                                <h3 class=\"elementskit-info-box-title\">\n\n                        Business &amp; Investment Consulting\n                        \n                    <\/h3>\n                                                            <div class=\"elementskit-box-style-content\">\n                        We provide support for your investments in T\u00fcrkiye. As soon as you decide on investing in T\u00fcrkiye we support you with our wide network, our market know-how and market research skills based on primary sources and our expertise on investment incentives provided by Turkish government. We guide you while starting a company, merging with or acquiring a Turkish company or make green field investment.                      <\/div>\n                                    <\/div>\n\n                                <div class=\"elementskit-box-footer\">\n                    <div class=\"box-footer\">\n                        <div class=\"btn-wraper\">\n                                                            <a href=\"https:\/\/www.berqant.com\/en\/services\/business-investment-consulting\/\" class=\"elementskit-btn whitespace--normal\">\n                                    \n                                    \n                                    Read More                                <\/a>\n                                                        <\/div>\n                    <\/div>\n                <\/div>\n                            <\/div>\n            <\/div>\n    <\/div>\t\t<\/div>\n\t\t\t\t<\/div>\n\t\t\t\t\t<\/div>\n\t\t<\/div>\n\t\t\t\t<div class=\"elementor-column elementor-col-33 elementor-inner-column elementor-element elementor-element-f8573d3\" data-id=\"f8573d3\" data-element_type=\"column\">\n\t\t\t<div class=\"elementor-widget-wrap elementor-element-populated\">\n\t\t\t\t\t\t<div class=\"elementor-element elementor-element-ec6f68d ekit-equal-height-disable elementor-widget elementor-widget-elementskit-image-box\" data-id=\"ec6f68d\" data-element_type=\"widget\" data-widget_type=\"elementskit-image-box.default\">\n\t\t\t\t<div class=\"elementor-widget-container\">\n\t\t\t<div class=\"ekit-wid-con\" >\n            <div class=\"elementskit-info-image-box ekit-image-box text-left simple-card\" >\n\n                <a href=\"https:\/\/www.berqant.com\/en\/services\/government-relations\/\">\n                <div class=\"elementskit-box-header image-box-img-left\">\n\n                    <img loading=\"lazy\" decoding=\"async\" width=\"1920\" height=\"1080\" src=\"https:\/\/www.berqant.com\/wp-content\/uploads\/2022\/12\/Kamu-ile-Iliskiler.jpg\" class=\"attachment-full size-full wp-image-1206\" alt=\"\" srcset=\"https:\/\/www.berqant.com\/wp-content\/uploads\/2022\/12\/Kamu-ile-Iliskiler.jpg 1920w, https:\/\/www.berqant.com\/wp-content\/uploads\/2022\/12\/Kamu-ile-Iliskiler-300x169.jpg 300w, https:\/\/www.berqant.com\/wp-content\/uploads\/2022\/12\/Kamu-ile-Iliskiler-1024x576.jpg 1024w, https:\/\/www.berqant.com\/wp-content\/uploads\/2022\/12\/Kamu-ile-Iliskiler-768x432.jpg 768w, https:\/\/www.berqant.com\/wp-content\/uploads\/2022\/12\/Kamu-ile-Iliskiler-1536x864.jpg 1536w\" sizes=\"(max-width: 1920px) 100vw, 1920px\" \/>\n                <\/div>\n                <\/a>\n                <div class=\"elementskit-box-body ekit-image-box-body\">\n                    <div class=\"elementskit-box-content ekit-image-box-body-inner\">\n                                                <h3 class=\"elementskit-info-box-title\">\n\n                        Government Relations\n                        \n                    <\/h3>\n                                                            <div class=\"elementskit-box-style-content\">\n                        We support domestic and international companies, industry organizations and NGOs in T\u00fcrkiye to establish better and more effective relations with governmental bodies in line with their strategic goals. We help our clients better analyze the governmental decision-making processes, develop solid relationships with the government institutions and reach out actors in government decision-making mechanism.                      <\/div>\n                                    <\/div>\n\n                                <div class=\"elementskit-box-footer\">\n                    <div class=\"box-footer\">\n                        <div class=\"btn-wraper\">\n                                                            <a href=\"https:\/\/www.berqant.com\/en\/services\/government-relations\/\" class=\"elementskit-btn whitespace--normal\">\n                                    \n                                    \n                                    Read More                                <\/a>\n                                                        <\/div>\n                    <\/div>\n                <\/div>\n                            <\/div>\n            <\/div>\n    <\/div>\t\t<\/div>\n\t\t\t\t<\/div>\n\t\t\t\t\t<\/div>\n\t\t<\/div>\n\t\t\t\t<div class=\"elementor-column elementor-col-33 elementor-inner-column elementor-element elementor-element-561c8a8\" data-id=\"561c8a8\" data-element_type=\"column\">\n\t\t\t<div class=\"elementor-widget-wrap elementor-element-populated\">\n\t\t\t\t\t\t<div class=\"elementor-element elementor-element-3ba68b0 ekit-equal-height-disable elementor-widget elementor-widget-elementskit-image-box\" data-id=\"3ba68b0\" data-element_type=\"widget\" data-widget_type=\"elementskit-image-box.default\">\n\t\t\t\t<div class=\"elementor-widget-container\">\n\t\t\t<div class=\"ekit-wid-con\" >\n            <div class=\"elementskit-info-image-box ekit-image-box text-left simple-card\" >\n\n                <a href=\"https:\/\/www.berqant.com\/en\/services\/b2b-disputes\/\">\n                <div class=\"elementskit-box-header image-box-img-left\">\n\n                    <img loading=\"lazy\" decoding=\"async\" width=\"1920\" height=\"1080\" src=\"https:\/\/www.berqant.com\/wp-content\/uploads\/2022\/12\/Ticari-Anlasmazliklar.jpg\" class=\"attachment-full size-full wp-image-1211\" alt=\"\" srcset=\"https:\/\/www.berqant.com\/wp-content\/uploads\/2022\/12\/Ticari-Anlasmazliklar.jpg 1920w, https:\/\/www.berqant.com\/wp-content\/uploads\/2022\/12\/Ticari-Anlasmazliklar-300x169.jpg 300w, https:\/\/www.berqant.com\/wp-content\/uploads\/2022\/12\/Ticari-Anlasmazliklar-1024x576.jpg 1024w, https:\/\/www.berqant.com\/wp-content\/uploads\/2022\/12\/Ticari-Anlasmazliklar-768x432.jpg 768w, https:\/\/www.berqant.com\/wp-content\/uploads\/2022\/12\/Ticari-Anlasmazliklar-1536x864.jpg 1536w\" sizes=\"(max-width: 1920px) 100vw, 1920px\" \/>\n                <\/div>\n                <\/a>\n                <div class=\"elementskit-box-body ekit-image-box-body\">\n                    <div class=\"elementskit-box-content ekit-image-box-body-inner\">\n                                                <h3 class=\"elementskit-info-box-title\">\n\n                        BUSINESS DISPUTES\n                        \n                    <\/h3>\n                                                            <div class=\"elementskit-box-style-content\">\n                        We help our clients reduce the risks in their export-import operations which could potentially be caused by the foreign companies and ensure that disputes are resolved quickly.\nThrough our professional, qualified, experienced and independent experts, we provide advisory consulting services to international companies that have disputes with Turkish companies and vice versa.                     <\/div>\n                                    <\/div>\n\n                                <div class=\"elementskit-box-footer\">\n                    <div class=\"box-footer\">\n                        <div class=\"btn-wraper\">\n                                                            <a href=\"https:\/\/www.berqant.com\/en\/services\/b2b-disputes\/\" class=\"elementskit-btn whitespace--normal\">\n                                    \n                                    \n                                    Read More                                <\/a>\n                                                        <\/div>\n                    <\/div>\n                <\/div>\n                            <\/div>\n            <\/div>\n    <\/div>\t\t<\/div>\n\t\t\t\t<\/div>\n\t\t\t\t\t<\/div>\n\t\t<\/div>\n\t\t\t\t\t<\/div>\n\t\t<\/section>\n\t\t\t\t\t<\/div>\n\t\t<\/div>\n\t\t\t\t\t<\/div>\n\t\t<\/section>\n\t\t\t\t<\/div>","protected":false},"excerpt":{"rendered":"<p>ANT\u0130-DAMP\u0130NG, ANT\u0130-S\u00dcBVANS\u0130YON Artan say\u0131da \u00fclke, yerli end\u00fcstrilerini haks\u0131z ticaret uygulamalar\u0131na kar\u015f\u0131 korumak i\u00e7in aktif olarak anti-damping, anti-s\u00fcbvansiyon \u00f6nlemlerine ba\u015fvurmaktad\u0131r. Yetkin dan\u0131\u015fman &#8230;<\/p>","protected":false},"author":1,"featured_media":0,"parent":0,"menu_order":0,"comment_status":"open","ping_status":"closed","template":"","meta":{"pagelayer_contact_templates":[],"_pagelayer_content":"","footnotes":""},"class_list":["post-17","page","type-page","status-publish","hentry"],"_links":{"self":[{"href":"https:\/\/www.berqant.com\/en\/wp-json\/wp\/v2\/pages\/17"}],"collection":[{"href":"https:\/\/www.berqant.com\/en\/wp-json\/wp\/v2\/pages"}],"about":[{"href":"https:\/\/www.berqant.com\/en\/wp-json\/wp\/v2\/types\/page"}],"author":[{"embeddable":true,"href":"https:\/\/www.berqant.com\/en\/wp-json\/wp\/v2\/users\/1"}],"replies":[{"embeddable":true,"href":"https:\/\/www.berqant.com\/en\/wp-json\/wp\/v2\/comments?post=17"}],"version-history":[{"count":32,"href":"https:\/\/www.berqant.com\/en\/wp-json\/wp\/v2\/pages\/17\/revisions"}],"predecessor-version":[{"id":1464,"href":"https:\/\/www.berqant.com\/en\/wp-json\/wp\/v2\/pages\/17\/revisions\/1464"}],"wp:attachment":[{"href":"https:\/\/www.berqant.com\/en\/wp-json\/wp\/v2\/media?parent=17"}],"curies":[{"name":"wp","href":"https:\/\/api.w.org\/{rel}","templated":true}]}}