{"id":1251,"date":"2022-12-08T11:24:10","date_gmt":"2022-12-08T11:24:10","guid":{"rendered":"http:\/\/www.berqant.com\/?page_id=1251"},"modified":"2022-12-27T16:42:42","modified_gmt":"2022-12-27T16:42:42","slug":"ilkelerimiz","status":"publish","type":"page","link":"https:\/\/www.berqant.com\/en\/principles\/","title":{"rendered":"Principles"},"content":{"rendered":"<div id=\"wpc_69e227956bdf2\" class=\"vc_row wpb_row vc_row-fluid\">\n\t\t<div class=\"row_inner_wrapper  clearfix\" style=\"padding-top: 10px;padding-bottom: 10px;\">\n\t\t\t<div class=\"row_inner row_center_content clearfix\"><div class=\"wpb_column vc_column_container vc_col-sm-12\"><div class=\"vc_column-inner\"><div class=\"wpb_wrapper\">\n\t<div class=\"custom-heading wpb_content_element  heading-medium\">\n\t\t<h2 class=\"heading-title\" >Principles<\/h2>\n\t\t<span class=\"heading-line primary\"><\/span>\n\t<\/div>\n\t<div class=\"wpb_text_column wpb_content_element\" >\n\t\t<div class=\"wpb_wrapper\">\n\t\t\t<p class=\" translation-block\"><strong>Transparency: <\/strong>We do what we say and say what we do.<\/p>\n<p class=\" translation-block\"><strong>Compliance <\/strong>with the laws: We respect not only the letter but also the spirit of laws and regulations.<\/p>\n<p><strong>Yasalara Uyum: <\/strong>\u0130lgili yasalar\u0131n, kurallar\u0131n ve d\u00fczenlemelerin yaln\u0131zca lafz\u0131na de\u011fil, ayn\u0131 zamanda ruhuna da uyuyoruz.<\/p>\n<p class=\" translation-block\"><strong>Avoiding Conflict of Interests:<\/strong> All our employees make their decisions in the best interests of our clients and the company. They always prioritize doing the right thing over their personal gain.<\/p>\n<p class=\" translation-block\"><strong>Anti-corruption: <\/strong>We have a firm and unwavering stance against all types of corruption including bribery and fraud.<\/p>\n\n\t\t<\/div>\n\t<\/div>\n<\/div><\/div><\/div>\n\t\t\t<\/div>\n\t\t<\/div>\n<\/div>","protected":false},"excerpt":{"rendered":"\u0130lkelerimiz \u015eeffafl\u0131k: Kastetti\u011fi \u015feyi s\u00f6yleyen, s\u00f6yledi\u011fini kasteden ve yapaca\u011f\u0131m dedi\u011fi i\u015fi yapan bir \u015firketiz. Gizlilik: Mesleki ili\u015fkilerimiz ve yapt\u0131\u011f\u0131m\u0131z i\u015f kapsam\u0131nda ...","protected":false},"author":1,"featured_media":0,"parent":0,"menu_order":0,"comment_status":"open","ping_status":"closed","template":"","meta":{"pagelayer_contact_templates":[],"_pagelayer_content":"","footnotes":""},"class_list":["post-1251","page","type-page","status-publish","hentry"],"_links":{"self":[{"href":"https:\/\/www.berqant.com\/en\/wp-json\/wp\/v2\/pages\/1251"}],"collection":[{"href":"https:\/\/www.berqant.com\/en\/wp-json\/wp\/v2\/pages"}],"about":[{"href":"https:\/\/www.berqant.com\/en\/wp-json\/wp\/v2\/types\/page"}],"author":[{"embeddable":true,"href":"https:\/\/www.berqant.com\/en\/wp-json\/wp\/v2\/users\/1"}],"replies":[{"embeddable":true,"href":"https:\/\/www.berqant.com\/en\/wp-json\/wp\/v2\/comments?post=1251"}],"version-history":[{"count":2,"href":"https:\/\/www.berqant.com\/en\/wp-json\/wp\/v2\/pages\/1251\/revisions"}],"predecessor-version":[{"id":1364,"href":"https:\/\/www.berqant.com\/en\/wp-json\/wp\/v2\/pages\/1251\/revisions\/1364"}],"wp:attachment":[{"href":"https:\/\/www.berqant.com\/en\/wp-json\/wp\/v2\/media?parent=1251"}],"curies":[{"name":"wp","href":"https:\/\/api.w.org\/{rel}","templated":true}]}}