{"id":1248,"date":"2022-12-08T11:21:58","date_gmt":"2022-12-08T11:21:58","guid":{"rendered":"http:\/\/www.berqant.com\/?page_id=1248"},"modified":"2022-12-27T16:43:22","modified_gmt":"2022-12-27T16:43:22","slug":"degerlerimiz","status":"publish","type":"page","link":"https:\/\/www.berqant.com\/en\/values\/","title":{"rendered":"Values"},"content":{"rendered":"<div id=\"wpc_69da242544f15\" class=\"vc_row wpb_row vc_row-fluid\">\n\t\t<div class=\"row_inner_wrapper  clearfix\" style=\"padding-top: 10px;padding-bottom: 10px;\">\n\t\t\t<div class=\"row_inner row_center_content clearfix\"><div class=\"wpb_column vc_column_container vc_col-sm-12\"><div class=\"vc_column-inner\"><div class=\"wpb_wrapper\">\n\t<div class=\"custom-heading wpb_content_element  heading-medium\">\n\t\t<h2 class=\"heading-title\" >Values<\/h2>\n\t\t<span class=\"heading-line primary\"><\/span>\n\t<\/div>\n\t<div class=\"wpb_text_column wpb_content_element\" >\n\t\t<div class=\"wpb_wrapper\">\n\t\t\t<p class=\" translation-block\"><strong>Integrity: <\/strong> We built trust on our commitment to integrity.  We are honest, responsible, transparent, objective and accountable in everything we do, even when challenged.<\/p>\n<p class=\" translation-block\"><strong>Perfection:<\/strong> We strive to improve constantly and provide the very best service we can to our clients.<\/p>\n<p class=\" translation-block\"><strong>Diversity:<\/strong> Our employees come from different cultural backgrounds, skills and views. We believe diversity fuels our dynamism and plays a central role in our success.<\/p>\n\n\t\t<\/div>\n\t<\/div>\n<\/div><\/div><\/div>\n\t\t\t<\/div>\n\t\t<\/div>\n<\/div>","protected":false},"excerpt":{"rendered":"De\u011ferlerimiz D\u00fcr\u00fcstl\u00fck: Do\u011fru, objektif, erdemli ve g\u00fcveniliriz. D\u00fcr\u00fcstl\u00fckle i\u015f yapma konusunda sekt\u00f6rde model olmay\u0131 hedefliyoruz. S\u00fcrekli olarak en \u00fcst d\u00fczeyde mesleki ...","protected":false},"author":1,"featured_media":0,"parent":0,"menu_order":0,"comment_status":"open","ping_status":"closed","template":"","meta":{"pagelayer_contact_templates":[],"_pagelayer_content":"","footnotes":""},"class_list":["post-1248","page","type-page","status-publish","hentry"],"_links":{"self":[{"href":"https:\/\/www.berqant.com\/en\/wp-json\/wp\/v2\/pages\/1248"}],"collection":[{"href":"https:\/\/www.berqant.com\/en\/wp-json\/wp\/v2\/pages"}],"about":[{"href":"https:\/\/www.berqant.com\/en\/wp-json\/wp\/v2\/types\/page"}],"author":[{"embeddable":true,"href":"https:\/\/www.berqant.com\/en\/wp-json\/wp\/v2\/users\/1"}],"replies":[{"embeddable":true,"href":"https:\/\/www.berqant.com\/en\/wp-json\/wp\/v2\/comments?post=1248"}],"version-history":[{"count":2,"href":"https:\/\/www.berqant.com\/en\/wp-json\/wp\/v2\/pages\/1248\/revisions"}],"predecessor-version":[{"id":1250,"href":"https:\/\/www.berqant.com\/en\/wp-json\/wp\/v2\/pages\/1248\/revisions\/1250"}],"wp:attachment":[{"href":"https:\/\/www.berqant.com\/en\/wp-json\/wp\/v2\/media?parent=1248"}],"curies":[{"name":"wp","href":"https:\/\/api.w.org\/{rel}","templated":true}]}}