{"id":1072,"date":"2022-11-29T09:35:41","date_gmt":"2022-11-29T09:35:41","guid":{"rendered":"http:\/\/www.berqant.com\/?page_id=1072"},"modified":"2022-12-18T08:30:48","modified_gmt":"2022-12-18T08:30:48","slug":"deir-yaklasimi","status":"publish","type":"page","link":"https:\/\/www.berqant.com\/en\/deir-approach\/","title":{"rendered":"DEIR\u00ae Approach"},"content":{"rendered":"<div id=\"wpc_69e226eb03f74\" class=\"vc_row wpb_row vc_row-fluid\">\n\t\t<div class=\"row_inner_wrapper  clearfix\" style=\"padding-top: 10px;padding-bottom: 10px;\">\n\t\t\t<div class=\"row_inner row_center_content clearfix\"><div class=\"wpb_column vc_column_container vc_col-sm-12\"><div class=\"vc_column-inner\"><div class=\"wpb_wrapper\">\n\t<div class=\"custom-heading wpb_content_element  heading-medium\">\n\t\t<h2 class=\"heading-title\" >DEIR\u00ae Approach<\/h2>\n\t\t<span class=\"heading-line primary\"><\/span>\n\t<\/div>\n\t<div class=\"wpb_text_column wpb_content_element\" >\n\t\t<div class=\"wpb_wrapper\">\n\t\t\t<p>In most of our service areas we adopt the DEIR\u00ae approach.<\/p>\n<p class=\" translation-block\">To protect the interests of our clients we have integrated the DEIR\u00ae  approach into our service design. We use this approach for almost anything, it can be an excessive increase in imports which can hurt the business of domestic producers, or a legislative processes affecting a domain where an NGO or business operates or a change in environmental regulation that may impact production inputs\/costs, etc.<\/p>\n<p>Derived from the words Detect, Evaluate, Inform, React, the DEIR\u00ae approach involves the following stages and activities.<\/p>\n<p class=\" translation-block\">Detect: We constantly track law making processes, regulations, administrative decisions, international treaties, economic and political developments as well as foreign policy developments and market trends to detect those that may affect our clients.<\/p>\n<p class=\" translation-block\">Evaluate:  We evaluate how the detected new situation might affect our clients.<\/p>\n<p class=\" translation-block\">Inform: We swiftly inform our clients about the new situation and its possible outcomes. After consultations with our client and we decide on the new position to be taken in the face of new developments.<\/p>\n<p class=\" translation-block\">React: We draft a multilayered action plan suiting the new situation and implement it within a timetable.<\/p>\n\n\t\t<\/div>\n\t<\/div>\n<\/div><\/div><\/div>\n\t\t\t<\/div>\n\t\t<\/div>\n<\/div>","protected":false},"excerpt":{"rendered":"DEIR Yakla\u015f\u0131m\u0131 Dan\u0131\u015fmanl\u0131k hizmeti sundu\u011fumuz alanlar\u0131n \u00e7o\u011funda DEIR yakla\u015f\u0131m\u0131n\u0131 esas al\u0131yoruz. \u0130\u00e7 piyasada yerel \u00fcreticilere zarar verebilecek bir ithalat art\u0131\u015f\u0131ndan, bir ...","protected":false},"author":1,"featured_media":0,"parent":0,"menu_order":0,"comment_status":"open","ping_status":"closed","template":"","meta":{"pagelayer_contact_templates":[],"_pagelayer_content":"","footnotes":""},"class_list":["post-1072","page","type-page","status-publish","hentry"],"_links":{"self":[{"href":"https:\/\/www.berqant.com\/en\/wp-json\/wp\/v2\/pages\/1072"}],"collection":[{"href":"https:\/\/www.berqant.com\/en\/wp-json\/wp\/v2\/pages"}],"about":[{"href":"https:\/\/www.berqant.com\/en\/wp-json\/wp\/v2\/types\/page"}],"author":[{"embeddable":true,"href":"https:\/\/www.berqant.com\/en\/wp-json\/wp\/v2\/users\/1"}],"replies":[{"embeddable":true,"href":"https:\/\/www.berqant.com\/en\/wp-json\/wp\/v2\/comments?post=1072"}],"version-history":[{"count":3,"href":"https:\/\/www.berqant.com\/en\/wp-json\/wp\/v2\/pages\/1072\/revisions"}],"predecessor-version":[{"id":1247,"href":"https:\/\/www.berqant.com\/en\/wp-json\/wp\/v2\/pages\/1072\/revisions\/1247"}],"wp:attachment":[{"href":"https:\/\/www.berqant.com\/en\/wp-json\/wp\/v2\/media?parent=1072"}],"curies":[{"name":"wp","href":"https:\/\/api.w.org\/{rel}","templated":true}]}}